{"id":3039,"date":"2024-06-19T21:49:33","date_gmt":"2024-06-19T19:49:33","guid":{"rendered":"https:\/\/froggyevents.com\/?page_id=3039"},"modified":"2025-12-09T00:41:49","modified_gmt":"2025-12-08T22:41:49","slug":"family-day","status":"publish","type":"page","link":"https:\/\/froggyevents.com\/en\/family-day\/","title":{"rendered":"Family Day"},"content":{"rendered":"<div data-elementor-type=\"wp-page\" data-elementor-id=\"3039\" class=\"elementor elementor-3039\" data-elementor-post-type=\"page\">\n\t\t\t\t<div class=\"elementor-element elementor-element-6b7381ac e-flex e-con-boxed e-con e-parent\" data-id=\"6b7381ac\" data-element_type=\"container\" data-e-type=\"container\" data-settings=\"{&quot;background_background&quot;:&quot;classic&quot;}\">\n\t\t\t\t\t<div class=\"e-con-inner\">\n\t\t\t\t<div class=\"elementor-element elementor-element-20509de3 elementor-widget elementor-widget-spacer\" data-id=\"20509de3\" data-element_type=\"widget\" data-e-type=\"widget\" data-widget_type=\"spacer.default\">\n\t\t\t\t<div class=\"elementor-widget-container\">\n\t\t\t\t\t\t\t<div class=\"elementor-spacer\">\n\t\t\t<div class=\"elementor-spacer-inner\"><\/div>\n\t\t<\/div>\n\t\t\t\t\t\t<\/div>\n\t\t\t\t<\/div>\n\t\t\t\t<div class=\"elementor-element elementor-element-1a1ee3 elementor-widget elementor-widget-heading\" data-id=\"1a1ee3\" data-element_type=\"widget\" data-e-type=\"widget\" data-widget_type=\"heading.default\">\n\t\t\t\t<div class=\"elementor-widget-container\">\n\t\t\t\t\t<h1 class=\"elementor-heading-title elementor-size-default\">Corporate Family Day Organisation<\/h1>\t\t\t\t<\/div>\n\t\t\t\t<\/div>\n\t\t\t\t<div class=\"elementor-element elementor-element-7bb50061 elementor-widget elementor-widget-heading\" data-id=\"7bb50061\" data-element_type=\"widget\" data-e-type=\"widget\" data-widget_type=\"heading.default\">\n\t\t\t\t<div class=\"elementor-widget-container\">\n\t\t\t\t\t<h2 class=\"elementor-heading-title elementor-size-default\">CORPORATE FAMILY PARTY<\/h2>\t\t\t\t<\/div>\n\t\t\t\t<\/div>\n\t\t\t\t<div class=\"elementor-element elementor-element-32574f8d elementor-widget elementor-widget-text-editor\" data-id=\"32574f8d\" data-element_type=\"widget\" data-e-type=\"widget\" data-widget_type=\"text-editor.default\">\n\t\t\t\t<div class=\"elementor-widget-container\">\n\t\t\t\t\t\t\t\t\t<p>Inflatables, children's workshops, magic and catering for young and old alike. We organise your open day.<\/p>\t\t\t\t\t\t\t\t<\/div>\n\t\t\t\t<\/div>\n\t\t\t\t<div class=\"elementor-element elementor-element-5669cc09 elementor-widget elementor-widget-spacer\" data-id=\"5669cc09\" data-element_type=\"widget\" data-e-type=\"widget\" data-widget_type=\"spacer.default\">\n\t\t\t\t<div class=\"elementor-widget-container\">\n\t\t\t\t\t\t\t<div class=\"elementor-spacer\">\n\t\t\t<div class=\"elementor-spacer-inner\"><\/div>\n\t\t<\/div>\n\t\t\t\t\t\t<\/div>\n\t\t\t\t<\/div>\n\t\t\t\t<div class=\"elementor-element elementor-element-6893dc4f elementor-widget elementor-widget-button\" data-id=\"6893dc4f\" data-element_type=\"widget\" data-e-type=\"widget\" data-widget_type=\"button.default\">\n\t\t\t\t<div class=\"elementor-widget-container\">\n\t\t\t\t\t\t\t\t\t<div class=\"elementor-button-wrapper\">\n\t\t\t\t\t<a class=\"elementor-button elementor-button-link elementor-size-sm\" href=\"https:\/\/froggyevents.com\/en\/contactanos\/\">\n\t\t\t\t\t\t<span class=\"elementor-button-content-wrapper\">\n\t\t\t\t\t\t\t\t\t<span class=\"elementor-button-text\">LEARN MORE<\/span>\n\t\t\t\t\t<\/span>\n\t\t\t\t\t<\/a>\n\t\t\t\t<\/div>\n\t\t\t\t\t\t\t\t<\/div>\n\t\t\t\t<\/div>\n\t\t\t\t\t<\/div>\n\t\t\t\t<\/div>\n\t\t<div class=\"elementor-element elementor-element-4fac4d9f e-flex e-con-boxed e-con e-parent\" data-id=\"4fac4d9f\" data-element_type=\"container\" data-e-type=\"container\">\n\t\t\t\t\t<div class=\"e-con-inner\">\n\t\t\t\t<div class=\"elementor-element elementor-element-4b132f89 elementor-widget elementor-widget-spacer\" data-id=\"4b132f89\" data-element_type=\"widget\" data-e-type=\"widget\" data-widget_type=\"spacer.default\">\n\t\t\t\t<div class=\"elementor-widget-container\">\n\t\t\t\t\t\t\t<div class=\"elementor-spacer\">\n\t\t\t<div class=\"elementor-spacer-inner\"><\/div>\n\t\t<\/div>\n\t\t\t\t\t\t<\/div>\n\t\t\t\t<\/div>\n\t\t\t\t<div class=\"elementor-element elementor-element-6aa6d763 elementor-widget elementor-widget-heading\" data-id=\"6aa6d763\" data-element_type=\"widget\" data-e-type=\"widget\" data-widget_type=\"heading.default\">\n\t\t\t\t<div class=\"elementor-widget-container\">\n\t\t\t\t\t<h2 class=\"elementor-heading-title elementor-size-default\">HOW IT WORKS<\/h2>\t\t\t\t<\/div>\n\t\t\t\t<\/div>\n\t\t\t\t<div class=\"elementor-element elementor-element-2159b80 elementor-widget elementor-widget-heading\" data-id=\"2159b80\" data-element_type=\"widget\" data-e-type=\"widget\" data-widget_type=\"heading.default\">\n\t\t\t\t<div class=\"elementor-widget-container\">\n\t\t\t\t\t<h3 class=\"elementor-heading-title elementor-size-default\">FAMILY DAY: An event to unite work and family<br><br><span style=\"font-size: 16px\">The Family Day is a special corporate event designed for employees to enjoy a day outside the office together with their families. This event combines recreational activities, food and drinks in a relaxed and fun atmosphere.\n\nThe key feature of Family Day is that it allows employees to share their workplace environment with their loved ones, fostering integration and strengthening the connection between personal and professional life.<\/span><\/h3>\t\t\t\t<\/div>\n\t\t\t\t<\/div>\n\t\t\t\t<div class=\"elementor-element elementor-element-5bd49e11 elementor-widget elementor-widget-button\" data-id=\"5bd49e11\" data-element_type=\"widget\" data-e-type=\"widget\" data-widget_type=\"button.default\">\n\t\t\t\t<div class=\"elementor-widget-container\">\n\t\t\t\t\t\t\t\t\t<div class=\"elementor-button-wrapper\">\n\t\t\t\t\t<a class=\"elementor-button elementor-button-link elementor-size-sm\" href=\"https:\/\/froggyevents.com\/en\/contactanos\/\">\n\t\t\t\t\t\t<span class=\"elementor-button-content-wrapper\">\n\t\t\t\t\t\t\t\t\t<span class=\"elementor-button-text\">LEARN MORE<\/span>\n\t\t\t\t\t<\/span>\n\t\t\t\t\t<\/a>\n\t\t\t\t<\/div>\n\t\t\t\t\t\t\t\t<\/div>\n\t\t\t\t<\/div>\n\t\t\t\t<div class=\"elementor-element elementor-element-42731ba8 elementor-widget elementor-widget-text-editor\" data-id=\"42731ba8\" data-element_type=\"widget\" data-e-type=\"widget\" data-widget_type=\"text-editor.default\">\n\t\t\t\t<div class=\"elementor-widget-container\">\n\t\t\t\t\t\t\t\t\t<p><span style=\"color: inherit; font-family: inherit; font-size: 1.75rem; text-align: var(--text-align);\">What does a Family Day include?<\/span><\/p><p><span style=\"font-weight: 400;\">Family Day offers a wide variety of activities for all ages, ensuring that every family member finds something fun to do. Among the most popular activities are:<\/span><\/p><ul><li><b>Inflatable castles<\/b><span style=\"font-weight: 400;\">: Perfect for the little ones, guaranteeing hours of fun. We provide inflatables of different sizes and themes, from Spiderman slides to a Frozen maze, offering a playful and safe experience for children.<\/span><\/li><li style=\"font-weight: 400;\" aria-level=\"1\"><b>Balloon twisting and face painting<\/b><span style=\"font-weight: 400;\">: Our team of artists will transform balloons and faces into true works of art. Balloon twisting creates fun figures such as animals, flowers or characters, while face painting lets kids become their favorite heroes for a day.<\/span><\/li><li><span style=\"font-weight: 400;\"><b>Sports activities<\/b>: Friendly competitions that encourage teamwork and physical activity. These can include mini football tournaments, volleyball, badminton or relay races, adapted for all ages and skill levels.<\/span><\/li><li style=\"font-weight: 400;\" aria-level=\"1\"><b>Gymkhanas &amp; team challenges<\/b><span style=\"font-weight: 400;\">: Creative and collaborative challenges designed to strengthen both family and workplace bonds. These include sack races, treasure hunts, and skill-based challenges that get everyone working together.<\/span><\/li><li><b>Recreational games<\/b><span style=\"font-weight: 400;\">: Spaces equipped with games such as air hockey, trampolines, ping pong, billiards, foosball and darts. These not only provide entertainment, but also promote interaction and friendly competition among participants of all ages.<\/span><\/li><\/ul>\t\t\t\t\t\t\t\t<\/div>\n\t\t\t\t<\/div>\n\t\t\t\t\t<\/div>\n\t\t\t\t<\/div>\n\t\t<div class=\"elementor-element elementor-element-358d0f7b e-flex e-con-boxed e-con e-parent\" data-id=\"358d0f7b\" data-element_type=\"container\" data-e-type=\"container\">\n\t\t\t\t\t<div class=\"e-con-inner\">\n\t\t\t\t<div class=\"elementor-element elementor-element-5deaaca2 elementor-arrows-position-inside elementor-pagination-position-outside elementor-widget elementor-widget-image-carousel\" data-id=\"5deaaca2\" data-element_type=\"widget\" data-e-type=\"widget\" data-settings=\"{&quot;slides_to_show&quot;:&quot;1&quot;,&quot;lazyload&quot;:&quot;yes&quot;,&quot;navigation&quot;:&quot;both&quot;,&quot;infinite&quot;:&quot;yes&quot;,&quot;effect&quot;:&quot;slide&quot;,&quot;speed&quot;:500}\" data-widget_type=\"image-carousel.default\">\n\t\t\t\t<div class=\"elementor-widget-container\">\n\t\t\t\t\t\t\t<div class=\"elementor-image-carousel-wrapper swiper\" role=\"region\" aria-roledescription=\"carousel\" aria-label=\"Carrusel de im\u00e1genes\" dir=\"ltr\">\n\t\t\t<div class=\"elementor-image-carousel swiper-wrapper\" aria-live=\"polite\">\n\t\t\t\t\t\t\t\t<div class=\"swiper-slide\" role=\"group\" aria-roledescription=\"slide\" aria-label=\"1 de 2\"><figure class=\"swiper-slide-inner\"><img class=\"swiper-slide-image swiper-lazy\" data-src=\"https:\/\/froggyevents.com\/wp-content\/uploads\/elementor\/thumbs\/Copia-de-\u00bfQue-es-el-Team-Building-900-x-600-px-qpwkf93nkbzv5rnct6io62pzlhx8xxp2ralzw61t6o.jpg\" alt=\"pintacaras\" \/><div class=\"swiper-lazy-preloader\"><\/div><\/figure><\/div><div class=\"swiper-slide\" role=\"group\" aria-roledescription=\"slide\" aria-label=\"2 de 2\"><figure class=\"swiper-slide-inner\"><img class=\"swiper-slide-image swiper-lazy\" data-src=\"https:\/\/froggyevents.com\/wp-content\/uploads\/elementor\/thumbs\/Diseno-sin-titulo-qpwkfhk79ubg29b2fs6bail4xyrjv7mnsghd7np9mo.jpg\" alt=\"Familia-jugando-futbolin\" \/><div class=\"swiper-lazy-preloader\"><\/div><\/figure><\/div>\t\t\t<\/div>\n\t\t\t\t\t\t\t\t\t\t\t\t<div class=\"elementor-swiper-button elementor-swiper-button-prev\" role=\"button\" tabindex=\"0\">\n\t\t\t\t\t\t<svg aria-hidden=\"true\" class=\"e-font-icon-svg e-eicon-chevron-left\" viewbox=\"0 0 1000 1000\" xmlns=\"http:\/\/www.w3.org\/2000\/svg\"><path d=\"M646 125C629 125 613 133 604 142L308 442C296 454 292 471 292 487 292 504 296 521 308 533L604 854C617 867 629 875 646 875 663 875 679 871 692 858 704 846 713 829 713 812 713 796 708 779 692 767L438 487 692 225C700 217 708 204 708 187 708 171 704 154 692 142 675 129 663 125 646 125Z\"><\/path><\/svg>\t\t\t\t\t<\/div>\n\t\t\t\t\t<div class=\"elementor-swiper-button elementor-swiper-button-next\" role=\"button\" tabindex=\"0\">\n\t\t\t\t\t\t<svg aria-hidden=\"true\" class=\"e-font-icon-svg e-eicon-chevron-right\" viewbox=\"0 0 1000 1000\" xmlns=\"http:\/\/www.w3.org\/2000\/svg\"><path d=\"M696 533C708 521 713 504 713 487 713 471 708 454 696 446L400 146C388 133 375 125 354 125 338 125 325 129 313 142 300 154 292 171 292 187 292 204 296 221 308 233L563 492 304 771C292 783 288 800 288 817 288 833 296 850 308 863 321 871 338 875 354 875 371 875 388 867 400 854L696 533Z\"><\/path><\/svg>\t\t\t\t\t<\/div>\n\t\t\t\t\n\t\t\t\t\t\t\t\t\t<div class=\"swiper-pagination\"><\/div>\n\t\t\t\t\t\t\t\t\t<\/div>\n\t\t\t\t\t\t<\/div>\n\t\t\t\t<\/div>\n\t\t\t\t\t<\/div>\n\t\t\t\t<\/div>\n\t\t<div class=\"elementor-element elementor-element-44b922ed e-flex e-con-boxed e-con e-parent\" data-id=\"44b922ed\" data-element_type=\"container\" data-e-type=\"container\">\n\t\t\t\t\t<div class=\"e-con-inner\">\n\t\t\t\t<div class=\"elementor-element elementor-element-309790b2 elementor-widget elementor-widget-text-editor\" data-id=\"309790b2\" data-element_type=\"widget\" data-e-type=\"widget\" data-widget_type=\"text-editor.default\">\n\t\t\t\t<div class=\"elementor-widget-container\">\n\t\t\t\t\t\t\t\t\t<h2>Benefits of Family Day<\/h2><ol><li style=\"font-weight: 400;\" aria-level=\"1\"><b>Team strengthening<\/b><span style=\"font-weight: 400;\">: By including families in the work environment, bonds between employees are reinforced and team cohesion improves.<\/span><\/li><li style=\"font-weight: 400;\" aria-level=\"1\"><b>Increased motivation and commitment<\/b><span style=\"font-weight: 400;\">: Showing the workplace to relatives can boost employees\u2019 sense of pride and motivation, making them feel valued and understood.<\/span><\/li><li><b>Improved communication<\/b><span style=\"font-weight: 400;\">: Family Day activities foster open and effective communication among participants, translating into better interaction in the workplace.<\/span><\/li><li><b>Corporate marketing opportunity<\/b><span style=\"font-weight: 400;\">: It\u2019s an excellent occasion to build branding and loyalty, not only among employees but also with their families, creating a positive image of the company.<\/span><\/li><\/ol><h3><b>Organizing your Family Day<\/b><\/h3><p><span style=\"font-weight: 400;\">At Froggy Events, we specialize in the comprehensive organization of Family Day events, taking care of every detail so that attendees enjoy an unforgettable experience.<\/span><\/p><ul><li style=\"font-weight: 400;\" aria-level=\"1\"><b>Tailored activity planning<\/b><span style=\"font-weight: 400;\">: We work hand in hand with your company to design a program of activities adapted to the ages and preferences of all attendees. Every activity is crafted to maximize participation and enjoyment for the whole family.<\/span><\/li><li style=\"font-weight: 400;\" aria-level=\"1\"><b>Catering selection and coordination<\/b><span style=\"font-weight: 400;\">: We handle all aspects of catering to ensure a delicious, worry-free gastronomic experience. Menus are carefully selected to cover all dietary needs, offering different alternatives so that everyone \u2013 even the most demanding palates \u2013 is satisfied.<\/span><\/li><li style=\"font-weight: 400;\" aria-level=\"1\"><b>Logistics and safety<\/b><span style=\"font-weight: 400;\">: We manage all logistical aspects to ensure the event runs smoothly. This includes venue setup, equipment and attraction installations, and activity supervision. Safety is our top priority, and we implement strict measures to guarantee a secure and controlled environment for all.<\/span><\/li><li style=\"font-weight: 400;\" aria-level=\"1\"><b>Adaptable venues<\/b><span style=\"font-weight: 400;\">: We offer the flexibility to hold Family Day either at your company\u2019s facilities or in country estates and venues we regularly work with. If you prefer your own location, we adapt activities and logistics to make the most of the available space. Alternatively, we can host the event in one of our partner venues, offering idyllic, fully equipped settings to guarantee a comfortable and memorable experience.<\/span><\/li><li style=\"font-weight: 400;\" aria-level=\"1\"><b>Attention to detail and personalization<\/b><span style=\"font-weight: 400;\">: We understand that every company is unique, so we tailor each event to reflect your company\u2019s values and culture. From decoration to activity selection, everything is designed to create a consistent and memorable experience that resonates with employees and their families.<\/span><\/li><\/ul><div>\u00a0<\/div><p><span style=\"font-weight: 400;\">At Froggy Events, our mission is to make your Family Day a resounding success. With our experience and dedication, we transform ideas into reality, ensuring every detail is taken care of to deliver an event that exceeds expectations.<\/span><\/p><p><b>\ud83d\udc49 Ready to organize an unforgettable Family Day? Contact us and we\u2019ll make your event a truly memorable day for everyone.<\/b><\/p>\t\t\t\t\t\t\t\t<\/div>\n\t\t\t\t<\/div>\n\t\t\t\t<div class=\"elementor-element elementor-element-272bf9e3 elementor-widget elementor-widget-button\" data-id=\"272bf9e3\" data-element_type=\"widget\" data-e-type=\"widget\" data-widget_type=\"button.default\">\n\t\t\t\t<div class=\"elementor-widget-container\">\n\t\t\t\t\t\t\t\t\t<div class=\"elementor-button-wrapper\">\n\t\t\t\t\t<a class=\"elementor-button elementor-button-link elementor-size-sm\" href=\"https:\/\/froggyevents.com\/en\/contactanos\/\">\n\t\t\t\t\t\t<span class=\"elementor-button-content-wrapper\">\n\t\t\t\t\t\t\t\t\t<span class=\"elementor-button-text\">LEARN MORE<\/span>\n\t\t\t\t\t<\/span>\n\t\t\t\t\t<\/a>\n\t\t\t\t<\/div>\n\t\t\t\t\t\t\t\t<\/div>\n\t\t\t\t<\/div>\n\t\t\t\t<div class=\"elementor-element elementor-element-d3b4619 elementor-widget elementor-widget-heading\" data-id=\"d3b4619\" data-element_type=\"widget\" data-e-type=\"widget\" data-widget_type=\"heading.default\">\n\t\t\t\t<div class=\"elementor-widget-container\">\n\t\t\t\t\t<h2 class=\"elementor-heading-title elementor-size-default\">Other Team Building Challenges<\/h2>\t\t\t\t<\/div>\n\t\t\t\t<\/div>\n\t\t\t\t\t<\/div>\n\t\t\t\t<\/div>\n\t\t<div class=\"elementor-element elementor-element-327cd839 e-flex e-con-boxed e-con e-parent\" data-id=\"327cd839\" data-element_type=\"container\" data-e-type=\"container\">\n\t\t\t\t\t<div class=\"e-con-inner\">\n\t\t<div class=\"elementor-element elementor-element-2324a8eb e-con-full e-flex e-con e-child\" data-id=\"2324a8eb\" data-element_type=\"container\" data-e-type=\"container\">\n\t\t\t\t<div class=\"elementor-element elementor-element-a7ac4a3 elementor-widget elementor-widget-heading\" data-id=\"a7ac4a3\" data-element_type=\"widget\" data-e-type=\"widget\" data-widget_type=\"heading.default\">\n\t\t\t\t<div class=\"elementor-widget-container\">\n\t\t\t\t\t<h2 class=\"elementor-heading-title elementor-size-default\">SQUID GAME<\/h2>\t\t\t\t<\/div>\n\t\t\t\t<\/div>\n\t\t\t\t<div class=\"elementor-element elementor-element-6077f0fb elementor-widget elementor-widget-text-editor\" data-id=\"6077f0fb\" data-element_type=\"widget\" data-e-type=\"widget\" data-widget_type=\"text-editor.default\">\n\t\t\t\t<div class=\"elementor-widget-container\">\n\t\t\t\t\t\t\t\t\t<h4 class=\"LC20lb MBeuO DKV0Md\" style=\"text-align: center;\">\ud83e\udd91<strong>A brand-new adventure you can\u2019t miss<\/strong>\ud83e\udd91<\/h4>\t\t\t\t\t\t\t\t<\/div>\n\t\t\t\t<\/div>\n\t\t\t\t<div class=\"elementor-element elementor-element-3cf7994e elementor-widget elementor-widget-image\" data-id=\"3cf7994e\" data-element_type=\"widget\" data-e-type=\"widget\" data-widget_type=\"image.default\">\n\t\t\t\t<div class=\"elementor-widget-container\">\n\t\t\t\t\t\t\t\t\t\t\t\t\t\t\t<img fetchpriority=\"high\" decoding=\"async\" width=\"768\" height=\"512\" src=\"https:\/\/froggyevents.com\/wp-content\/uploads\/2023\/11\/16552853053296-1-2-1-768x512.jpg\" class=\"attachment-medium_large size-medium_large wp-image-1725\" alt=\"actividad el juego del calamar team building\" srcset=\"https:\/\/froggyevents.com\/wp-content\/uploads\/2023\/11\/16552853053296-1-2-1-768x512.jpg 768w, https:\/\/froggyevents.com\/wp-content\/uploads\/2023\/11\/16552853053296-1-2-1-300x200.jpg 300w, https:\/\/froggyevents.com\/wp-content\/uploads\/2023\/11\/16552853053296-1-2-1-1024x683.jpg 1024w, https:\/\/froggyevents.com\/wp-content\/uploads\/2023\/11\/16552853053296-1-2-1-1536x1024.jpg 1536w, https:\/\/froggyevents.com\/wp-content\/uploads\/2023\/11\/16552853053296-1-2-1-1080x720.jpg 1080w, https:\/\/froggyevents.com\/wp-content\/uploads\/2023\/11\/16552853053296-1-2-1-1280x853.jpg 1280w, https:\/\/froggyevents.com\/wp-content\/uploads\/2023\/11\/16552853053296-1-2-1-980x653.jpg 980w, https:\/\/froggyevents.com\/wp-content\/uploads\/2023\/11\/16552853053296-1-2-1-480x320.jpg 480w, https:\/\/froggyevents.com\/wp-content\/uploads\/2023\/11\/16552853053296-1-2-1.jpg 1920w\" sizes=\"(max-width: 768px) 100vw, 768px\" \/>\t\t\t\t\t\t\t\t\t\t\t\t\t\t\t<\/div>\n\t\t\t\t<\/div>\n\t\t\t\t<div class=\"elementor-element elementor-element-22ec66f6 elementor-align-center elementor-widget elementor-widget-button\" data-id=\"22ec66f6\" data-element_type=\"widget\" data-e-type=\"widget\" data-widget_type=\"button.default\">\n\t\t\t\t<div class=\"elementor-widget-container\">\n\t\t\t\t\t\t\t\t\t<div class=\"elementor-button-wrapper\">\n\t\t\t\t\t<a class=\"elementor-button elementor-button-link elementor-size-sm\" href=\"https:\/\/froggyevents.com\/en\/calamar\/\">\n\t\t\t\t\t\t<span class=\"elementor-button-content-wrapper\">\n\t\t\t\t\t\t\t\t\t<span class=\"elementor-button-text\">Learn more<\/span>\n\t\t\t\t\t<\/span>\n\t\t\t\t\t<\/a>\n\t\t\t\t<\/div>\n\t\t\t\t\t\t\t\t<\/div>\n\t\t\t\t<\/div>\n\t\t\t\t<\/div>\n\t\t<div class=\"elementor-element elementor-element-24f2f580 e-con-full e-flex e-con e-child\" data-id=\"24f2f580\" data-element_type=\"container\" data-e-type=\"container\">\n\t\t\t\t<div class=\"elementor-element elementor-element-31002d7d elementor-widget elementor-widget-heading\" data-id=\"31002d7d\" data-element_type=\"widget\" data-e-type=\"widget\" data-widget_type=\"heading.default\">\n\t\t\t\t<div class=\"elementor-widget-container\">\n\t\t\t\t\t<h2 class=\"elementor-heading-title elementor-size-default\">WACKY CARS<\/h2>\t\t\t\t<\/div>\n\t\t\t\t<\/div>\n\t\t\t\t<div class=\"elementor-element elementor-element-c2481aa elementor-widget elementor-widget-text-editor\" data-id=\"c2481aa\" data-element_type=\"widget\" data-e-type=\"widget\" data-widget_type=\"text-editor.default\">\n\t\t\t\t<div class=\"elementor-widget-container\">\n\t\t\t\t\t\t\t\t\t<h4 class=\"LC20lb MBeuO DKV0Md\"><strong>\ud83d\ude97 Build your car &amp; race to victory! \ud83d\ude97<\/strong><\/h4>\t\t\t\t\t\t\t\t<\/div>\n\t\t\t\t<\/div>\n\t\t\t\t<div class=\"elementor-element elementor-element-3b40fce elementor-widget elementor-widget-image\" data-id=\"3b40fce\" data-element_type=\"widget\" data-e-type=\"widget\" data-widget_type=\"image.default\">\n\t\t\t\t<div class=\"elementor-widget-container\">\n\t\t\t\t\t\t\t\t\t\t\t\t\t\t\t<img decoding=\"async\" width=\"768\" height=\"512\" src=\"https:\/\/froggyevents.com\/wp-content\/uploads\/2023\/04\/evento-team-building-bicis-con-futuro8-768x512.jpg\" class=\"attachment-medium_large size-medium_large wp-image-733\" alt=\"Carrera de coches locos construidos por equipos en actividad outdoor divertida\" srcset=\"https:\/\/froggyevents.com\/wp-content\/uploads\/2023\/04\/evento-team-building-bicis-con-futuro8-768x512.jpg 768w, https:\/\/froggyevents.com\/wp-content\/uploads\/2023\/04\/evento-team-building-bicis-con-futuro8-300x200.jpg 300w, https:\/\/froggyevents.com\/wp-content\/uploads\/2023\/04\/evento-team-building-bicis-con-futuro8-1024x683.jpg 1024w, https:\/\/froggyevents.com\/wp-content\/uploads\/2023\/04\/evento-team-building-bicis-con-futuro8-1536x1024.jpg 1536w, https:\/\/froggyevents.com\/wp-content\/uploads\/2023\/04\/evento-team-building-bicis-con-futuro8-1080x720.jpg 1080w, https:\/\/froggyevents.com\/wp-content\/uploads\/2023\/04\/evento-team-building-bicis-con-futuro8-1280x853.jpg 1280w, https:\/\/froggyevents.com\/wp-content\/uploads\/2023\/04\/evento-team-building-bicis-con-futuro8-980x653.jpg 980w, https:\/\/froggyevents.com\/wp-content\/uploads\/2023\/04\/evento-team-building-bicis-con-futuro8-480x320.jpg 480w, https:\/\/froggyevents.com\/wp-content\/uploads\/2023\/04\/evento-team-building-bicis-con-futuro8.jpg 1920w\" sizes=\"(max-width: 768px) 100vw, 768px\" \/>\t\t\t\t\t\t\t\t\t\t\t\t\t\t\t<\/div>\n\t\t\t\t<\/div>\n\t\t\t\t<div class=\"elementor-element elementor-element-29552759 elementor-align-center elementor-widget elementor-widget-button\" data-id=\"29552759\" data-element_type=\"widget\" data-e-type=\"widget\" data-widget_type=\"button.default\">\n\t\t\t\t<div class=\"elementor-widget-container\">\n\t\t\t\t\t\t\t\t\t<div class=\"elementor-button-wrapper\">\n\t\t\t\t\t<a class=\"elementor-button elementor-button-link elementor-size-sm\" href=\"https:\/\/froggyevents.com\/en\/autos-locos-team-building-karting\/\">\n\t\t\t\t\t\t<span class=\"elementor-button-content-wrapper\">\n\t\t\t\t\t\t\t\t\t<span class=\"elementor-button-text\">Learn more<\/span>\n\t\t\t\t\t<\/span>\n\t\t\t\t\t<\/a>\n\t\t\t\t<\/div>\n\t\t\t\t\t\t\t\t<\/div>\n\t\t\t\t<\/div>\n\t\t\t\t<\/div>\n\t\t\t\t\t<\/div>\n\t\t\t\t<\/div>\n\t\t\t\t<\/div>","protected":false},"excerpt":{"rendered":"<p>Organizaci\u00f3n de Family Day para Empresas FIESTA FAMILIAR CORPORATIVA Hinchables, talleres infantiles, magia y catering para grandes y peque\u00f1os. Organizamos vuestra jornada de puertas abiertas M\u00c1S INFORMACI\u00d3N \u00bfEN QU\u00c9 CONSISTE? Family day: Un evento para unir trabajo y familia El Family Day es una jornada especial dise\u00f1ada para que los empleados de una empresa disfruten [&hellip;]<\/p>\n","protected":false},"author":1,"featured_media":0,"parent":0,"menu_order":0,"comment_status":"closed","ping_status":"closed","template":"elementor_header_footer","meta":{"_acf_changed":false,"footnotes":""},"class_list":["post-3039","page","type-page","status-publish","hentry"],"acf":[],"_links":{"self":[{"href":"https:\/\/froggyevents.com\/en\/wp-json\/wp\/v2\/pages\/3039","targetHints":{"allow":["GET"]}}],"collection":[{"href":"https:\/\/froggyevents.com\/en\/wp-json\/wp\/v2\/pages"}],"about":[{"href":"https:\/\/froggyevents.com\/en\/wp-json\/wp\/v2\/types\/page"}],"author":[{"embeddable":true,"href":"https:\/\/froggyevents.com\/en\/wp-json\/wp\/v2\/users\/1"}],"replies":[{"embeddable":true,"href":"https:\/\/froggyevents.com\/en\/wp-json\/wp\/v2\/comments?post=3039"}],"version-history":[{"count":19,"href":"https:\/\/froggyevents.com\/en\/wp-json\/wp\/v2\/pages\/3039\/revisions"}],"predecessor-version":[{"id":3696,"href":"https:\/\/froggyevents.com\/en\/wp-json\/wp\/v2\/pages\/3039\/revisions\/3696"}],"wp:attachment":[{"href":"https:\/\/froggyevents.com\/en\/wp-json\/wp\/v2\/media?parent=3039"}],"curies":[{"name":"wp","href":"https:\/\/api.w.org\/{rel}","templated":true}]}}