{"id":2,"date":"2022-12-29T15:25:26","date_gmt":"2022-12-29T15:25:26","guid":{"rendered":"https:\/\/froggyevents.com\/?page_id=2"},"modified":"2026-01-07T21:43:42","modified_gmt":"2026-01-07T19:43:42","slug":"quienes-somos","status":"publish","type":"page","link":"https:\/\/froggyevents.com\/en\/quienes-somos\/","title":{"rendered":"About Us"},"content":{"rendered":"<div data-elementor-type=\"wp-page\" data-elementor-id=\"2\" class=\"elementor elementor-2\" data-elementor-post-type=\"page\">\n\t\t\t\t<div class=\"elementor-element elementor-element-2bd560a7 e-flex e-con-boxed e-con e-parent\" data-id=\"2bd560a7\" data-element_type=\"container\" data-e-type=\"container\">\n\t\t\t\t\t<div class=\"e-con-inner\">\n\t\t\t\t<div class=\"elementor-element elementor-element-48c3d691 elementor-widget elementor-widget-text-editor\" data-id=\"48c3d691\" data-element_type=\"widget\" data-e-type=\"widget\" data-widget_type=\"text-editor.default\">\n\t\t\t\t<div class=\"elementor-widget-container\">\n\t\t\t\t\t\t\t\t\t\t\t\t\t\t\t\t\t<\/div>\n\t\t\t\t<\/div>\n\t\t\t\t\t<\/div>\n\t\t\t\t<\/div>\n\t\t<div class=\"elementor-element elementor-element-540d2cfb e-flex e-con-boxed e-con e-parent\" data-id=\"540d2cfb\" data-element_type=\"container\" data-e-type=\"container\">\n\t\t\t\t\t<div class=\"e-con-inner\">\n\t\t<div class=\"elementor-element elementor-element-545adf09 e-con-full e-flex e-con e-child\" data-id=\"545adf09\" data-element_type=\"container\" data-e-type=\"container\">\n\t\t\t\t<div class=\"elementor-element elementor-element-51e7a08 elementor-widget elementor-widget-heading\" data-id=\"51e7a08\" data-element_type=\"widget\" data-e-type=\"widget\" data-widget_type=\"heading.default\">\n\t\t\t\t<div class=\"elementor-widget-container\">\n\t\t\t\t\t<h1 class=\"elementor-heading-title elementor-size-default\">Who\u2019s Behind One of the Best-Rated Team Building Companies?<\/h1>\t\t\t\t<\/div>\n\t\t\t\t<\/div>\n\t\t\t\t<div class=\"elementor-element elementor-element-24ecf586 elementor-widget elementor-widget-heading\" data-id=\"24ecf586\" data-element_type=\"widget\" data-e-type=\"widget\" data-widget_type=\"heading.default\">\n\t\t\t\t<div class=\"elementor-widget-container\">\n\t\t\t\t\t<h2 class=\"elementor-heading-title elementor-size-default\">We\u2019re Laura and Adri\u00e1n, the team behind this exciting adventure<\/h2>\t\t\t\t<\/div>\n\t\t\t\t<\/div>\n\t\t\t\t<div class=\"elementor-element elementor-element-f809fcf elementor-widget elementor-widget-text-editor\" data-id=\"f809fcf\" data-element_type=\"widget\" data-e-type=\"widget\" data-widget_type=\"text-editor.default\">\n\t\t\t\t<div class=\"elementor-widget-container\">\n\t\t\t\t\t\t\t\t\t<p>At Froggy Events, we specialize in creating unforgettable <b>corporate team building activity<\/b> and <b>corporate events<\/b> that bring people together. Our founders, <b>Laura and Adri\u00e1n<\/b>, created Froggy Events with one clear goal: to design <b>team building experiencies<\/b> through dynamic and engaging activities that help companies strengthen <b>communication<\/b>, <b>collaboration <\/b>, and <b>overall team performance<\/b>.<\/p>\n<p>Our professional team brings extensive experience in designing and delivering <b>corporate events<\/b> and <b>team building activities<\/b> for companies of all sizes. Whether you're looking for an action-packed<b> outdoor adventure<\/b> or a more relaxed indoor experience, we tailor each event to your company\u2019s specific goals, always making sure it\u2019s memorable, impactful, and fun.<\/p>\t\t\t\t\t\t\t\t<\/div>\n\t\t\t\t<\/div>\n\t\t\t\t<div class=\"elementor-element elementor-element-9645a6f elementor-widget elementor-widget-image\" data-id=\"9645a6f\" data-element_type=\"widget\" data-e-type=\"widget\" data-widget_type=\"image.default\">\n\t\t\t\t<div class=\"elementor-widget-container\">\n\t\t\t\t\t\t\t\t\t\t\t\t\t\t\t<img fetchpriority=\"high\" decoding=\"async\" width=\"800\" height=\"534\" src=\"https:\/\/froggyevents.com\/wp-content\/uploads\/2024\/09\/EventoFroggy-010-1024x683.jpg\" class=\"attachment-large size-large wp-image-3149\" alt=\"Foto de trabajadores de Froggy Events eGran grupo de empleados posando sonrientes en los jardines de una finca tras finalizar una gymkhana de team building en Madridn un evento\" srcset=\"https:\/\/froggyevents.com\/wp-content\/uploads\/2024\/09\/EventoFroggy-010-1024x683.jpg 1024w, https:\/\/froggyevents.com\/wp-content\/uploads\/2024\/09\/EventoFroggy-010-300x200.jpg 300w, https:\/\/froggyevents.com\/wp-content\/uploads\/2024\/09\/EventoFroggy-010-768x512.jpg 768w, https:\/\/froggyevents.com\/wp-content\/uploads\/2024\/09\/EventoFroggy-010-1536x1024.jpg 1536w, https:\/\/froggyevents.com\/wp-content\/uploads\/2024\/09\/EventoFroggy-010.jpg 1920w\" sizes=\"(max-width: 800px) 100vw, 800px\" \/>\t\t\t\t\t\t\t\t\t\t\t\t\t\t\t<\/div>\n\t\t\t\t<\/div>\n\t\t\t\t<\/div>\n\t\t\t\t\t<\/div>\n\t\t\t\t<\/div>\n\t\t<div class=\"elementor-element elementor-element-f2528b0 e-flex e-con-boxed e-con e-parent\" data-id=\"f2528b0\" data-element_type=\"container\" data-e-type=\"container\">\n\t\t\t\t\t<div class=\"e-con-inner\">\n\t\t<div class=\"elementor-element elementor-element-024af27 e-con-full e-flex e-con e-child\" data-id=\"024af27\" data-element_type=\"container\" data-e-type=\"container\">\n\t\t\t\t<div class=\"elementor-element elementor-element-469d00d elementor-widget elementor-widget-text-editor\" data-id=\"469d00d\" data-element_type=\"widget\" data-e-type=\"widget\" data-widget_type=\"text-editor.default\">\n\t\t\t\t<div class=\"elementor-widget-container\">\n\t\t\t\t\t\t\t\t\t<h2>What Froggy Events Brings to Your Team<\/h2>\t\t\t\t\t\t\t\t<\/div>\n\t\t\t\t<\/div>\n\t\t\t\t<div class=\"elementor-element elementor-element-429579a elementor-widget elementor-widget-text-editor\" data-id=\"429579a\" data-element_type=\"widget\" data-e-type=\"widget\" data-widget_type=\"text-editor.default\">\n\t\t\t\t<div class=\"elementor-widget-container\">\n\t\t\t\t\t\t\t\t\t<p>Over the years, we\u2019ve had the privilege of working with <b>leading companies such as Santander, Iberdrola, Volvo, and BBVA<\/b>, among many others. These experiences have helped us refine our skills and tailor our offerings to meet even the most demanding needs.<\/p>\n<p>We believe that teams who work well together are more efficient, and happier. That\u2019s why our activities are designed to:<\/p>\n<ul>\n<li>Strengthen <b>communication <\/b>between team members.<\/li>\n<li>Build <b>trust <\/b>, and <b>team spirit<\/b>.<\/li>\n<li>Boost <b>productivity <\/b>in day-to-day work.<\/li>\n<li>Encourage <b>innovation <\/b>and <b>creativity run wild<\/b>.<\/li>\n<\/ul>\t\t\t\t\t\t\t\t<\/div>\n\t\t\t\t<\/div>\n\t\t<div class=\"elementor-element elementor-element-293bedc e-con-full e-flex e-con e-child\" data-id=\"293bedc\" data-element_type=\"container\" data-e-type=\"container\">\n\t\t\t\t<div class=\"elementor-element elementor-element-6812815 elementor-widget elementor-widget-text-editor\" data-id=\"6812815\" data-element_type=\"widget\" data-e-type=\"widget\" data-widget_type=\"text-editor.default\">\n\t\t\t\t<div class=\"elementor-widget-container\">\n\t\t\t\t\t\t\t\t\t<h2>Our Commitment<\/h2>\n<div><span style=\"text-align: var(--text-align);\">Over time, Froggy Events has become a leading name in the <b>corporate events <\/b>in Spain. We\u2019re committed to delivering personalized, high-quality experiences, fully tailored to your company\u2019s culture and goals. Each event is designed to be not just fun, but also meaningful, leaving a positive and lasting impact on your team.<\/span><\/div>\t\t\t\t\t\t\t\t<\/div>\n\t\t\t\t<\/div>\n\t\t\t\t<\/div>\n\t\t\t\t<\/div>\n\t\t<div class=\"elementor-element elementor-element-8d69d2f e-con-full e-flex e-con e-child\" data-id=\"8d69d2f\" data-element_type=\"container\" data-e-type=\"container\">\n\t\t\t\t<div class=\"elementor-element elementor-element-82d0e1b elementor-widget elementor-widget-image\" data-id=\"82d0e1b\" data-element_type=\"widget\" data-e-type=\"widget\" data-widget_type=\"image.default\">\n\t\t\t\t<div class=\"elementor-widget-container\">\n\t\t\t\t\t\t\t\t\t\t\t\t\t\t\t<img decoding=\"async\" width=\"683\" height=\"1024\" src=\"https:\/\/froggyevents.com\/wp-content\/uploads\/2024\/09\/trabajo-en-equipo-taller-mastersushi-683x1024.jpg\" class=\"attachment-large size-large wp-image-3151\" alt=\"Dos compa\u00f1eros de trabajo colaborando concentrados para enrollar sushi en taller de cocina para team building\" srcset=\"https:\/\/froggyevents.com\/wp-content\/uploads\/2024\/09\/trabajo-en-equipo-taller-mastersushi-683x1024.jpg 683w, https:\/\/froggyevents.com\/wp-content\/uploads\/2024\/09\/trabajo-en-equipo-taller-mastersushi-200x300.jpg 200w, https:\/\/froggyevents.com\/wp-content\/uploads\/2024\/09\/trabajo-en-equipo-taller-mastersushi-768x1152.jpg 768w, https:\/\/froggyevents.com\/wp-content\/uploads\/2024\/09\/trabajo-en-equipo-taller-mastersushi-1024x1536.jpg 1024w, https:\/\/froggyevents.com\/wp-content\/uploads\/2024\/09\/trabajo-en-equipo-taller-mastersushi-8x12.jpg 8w, https:\/\/froggyevents.com\/wp-content\/uploads\/2024\/09\/trabajo-en-equipo-taller-mastersushi.jpg 1280w\" sizes=\"(max-width: 683px) 100vw, 683px\" \/>\t\t\t\t\t\t\t\t\t\t\t\t\t\t\t<\/div>\n\t\t\t\t<\/div>\n\t\t\t\t<\/div>\n\t\t\t\t\t<\/div>\n\t\t\t\t<\/div>\n\t\t<div class=\"elementor-element elementor-element-e24930d e-flex e-con-boxed e-con e-parent\" data-id=\"e24930d\" data-element_type=\"container\" data-e-type=\"container\">\n\t\t\t\t\t<div class=\"e-con-inner\">\n\t\t<div class=\"elementor-element elementor-element-8d9215c e-con-full e-flex e-con e-child\" data-id=\"8d9215c\" data-element_type=\"container\" data-e-type=\"container\">\n\t\t\t\t<div class=\"elementor-element elementor-element-fc6ee76 elementor-widget__width-initial elementor-widget elementor-widget-image\" data-id=\"fc6ee76\" data-element_type=\"widget\" data-e-type=\"widget\" data-widget_type=\"image.default\">\n\t\t\t\t<div class=\"elementor-widget-container\">\n\t\t\t\t\t\t\t\t\t\t\t\t\t\t\t<img decoding=\"async\" width=\"800\" height=\"534\" src=\"https:\/\/froggyevents.com\/wp-content\/uploads\/2025\/10\/presentadores-y-animacion-para-eventos-de-empresa-1024x683.jpg\" class=\"attachment-large size-large wp-image-3561\" alt=\"Presentadora profesional hablando al micr\u00f3fono dinamizando un evento corporativo de Froggy Events en Madrid\" srcset=\"https:\/\/froggyevents.com\/wp-content\/uploads\/2025\/10\/presentadores-y-animacion-para-eventos-de-empresa-1024x683.jpg 1024w, https:\/\/froggyevents.com\/wp-content\/uploads\/2025\/10\/presentadores-y-animacion-para-eventos-de-empresa-300x200.jpg 300w, https:\/\/froggyevents.com\/wp-content\/uploads\/2025\/10\/presentadores-y-animacion-para-eventos-de-empresa-768x512.jpg 768w, https:\/\/froggyevents.com\/wp-content\/uploads\/2025\/10\/presentadores-y-animacion-para-eventos-de-empresa-1536x1024.jpg 1536w, https:\/\/froggyevents.com\/wp-content\/uploads\/2025\/10\/presentadores-y-animacion-para-eventos-de-empresa-18x12.jpg 18w, https:\/\/froggyevents.com\/wp-content\/uploads\/2025\/10\/presentadores-y-animacion-para-eventos-de-empresa.jpg 1920w\" sizes=\"(max-width: 800px) 100vw, 800px\" \/>\t\t\t\t\t\t\t\t\t\t\t\t\t\t\t<\/div>\n\t\t\t\t<\/div>\n\t\t\t\t<\/div>\n\t\t<div class=\"elementor-element elementor-element-a275b39 e-con-full e-flex e-con e-child\" data-id=\"a275b39\" data-element_type=\"container\" data-e-type=\"container\">\n\t\t\t\t<div class=\"elementor-element elementor-element-71455a0 elementor-widget elementor-widget-heading\" data-id=\"71455a0\" data-element_type=\"widget\" data-e-type=\"widget\" data-widget_type=\"heading.default\">\n\t\t\t\t<div class=\"elementor-widget-container\">\n\t\t\t\t\t<h2 class=\"elementor-heading-title elementor-size-default\">Team Building in Madrid and Across Spain<\/h2>\t\t\t\t<\/div>\n\t\t\t\t<\/div>\n\t\t\t\t<div class=\"elementor-element elementor-element-71f1f6d elementor-widget elementor-widget-text-editor\" data-id=\"71f1f6d\" data-element_type=\"widget\" data-e-type=\"widget\" data-widget_type=\"text-editor.default\">\n\t\t\t\t<div class=\"elementor-widget-container\">\n\t\t\t\t\t\t\t\t\t<p>Although <b>Madrid <\/b>is our home and main base, where we host most of our <b>team building events<\/b>, our passion for creating unforgettable corporate experiences takes us all over the country. We've brought our team dynamics to <b>Barcelona<\/b>, <b>Valencia<\/b>, <b>Sevilla<\/b>, and many other cities in Spain, always adapting each event to the company culture and unique challenges of every team.<\/p>\n<p>Whether you're in Madrid or anywhere else in Spain, we\u2019re ready to bring our events wherever you need them, delivering authentic, fun, and enriching experiences for your team.<\/p>\t\t\t\t\t\t\t\t<\/div>\n\t\t\t\t<\/div>\n\t\t\t\t<div class=\"elementor-element elementor-element-e25e2f5 elementor-widget elementor-widget-text-editor\" data-id=\"e25e2f5\" data-element_type=\"widget\" data-e-type=\"widget\" data-widget_type=\"text-editor.default\">\n\t\t\t\t<div class=\"elementor-widget-container\">\n\t\t\t\t\t\t\t\t\t<p><strong>No matter the city, great team building travels with you!<\/strong><\/p>\t\t\t\t\t\t\t\t<\/div>\n\t\t\t\t<\/div>\n\t\t\t\t<\/div>\n\t\t\t\t\t<\/div>\n\t\t\t\t<\/div>\n\t\t<div class=\"elementor-element elementor-element-c77084b e-flex e-con-boxed e-con e-parent\" data-id=\"c77084b\" data-element_type=\"container\" data-e-type=\"container\">\n\t\t\t\t\t<div class=\"e-con-inner\">\n\t\t\t\t<div class=\"elementor-element elementor-element-8316281 elementor-widget elementor-widget-heading\" data-id=\"8316281\" data-element_type=\"widget\" data-e-type=\"widget\" data-widget_type=\"heading.default\">\n\t\t\t\t<div class=\"elementor-widget-container\">\n\t\t\t\t\t<h2 class=\"elementor-heading-title elementor-size-default\">Experience and Innovation<\/h2>\t\t\t\t<\/div>\n\t\t\t\t<\/div>\n\t\t\t\t<div class=\"elementor-element elementor-element-ed8fd80 elementor-widget elementor-widget-text-editor\" data-id=\"ed8fd80\" data-element_type=\"widget\" data-e-type=\"widget\" data-widget_type=\"text-editor.default\">\n\t\t\t\t<div class=\"elementor-widget-container\">\n\t\t\t\t\t\t\t\t\t<p>What sets us apart is our<b> young, energetic team with an innovative mindset<\/b>. We embrace change and harness the latest trends and technologies to offer fresh, exciting team building experiences. Always evolving, we're constantly exploring <b>new ways to surprise and engage participants.<\/b><\/p>\n<p>Our focus is on <b>creating experiences that truly matter.<\/b> Every moment of our corporate events is designed to be meaningful and memorable. <b>We\u2019re committed to fostering an atmosphere of trust and collaboration, where everyone feels valued and inspired to bring out the best in themselves and their team.<\/b><\/p>\n<p>We\u2019re passionate about what we do, and it shows in every detail. From the very first contact to the final minute of your event, <b>we make sure every element is carefully crafted to make your experience truly unforgettable.<\/b><\/p>\t\t\t\t\t\t\t\t<\/div>\n\t\t\t\t<\/div>\n\t\t\t\t\t<\/div>\n\t\t\t\t<\/div>\n\t\t<div class=\"elementor-element elementor-element-94a6640 e-flex e-con-boxed e-con e-parent\" data-id=\"94a6640\" data-element_type=\"container\" data-e-type=\"container\">\n\t\t\t\t\t<div class=\"e-con-inner\">\n\t\t\t\t<div class=\"elementor-element elementor-element-842e33f elementor-widget elementor-widget-image\" data-id=\"842e33f\" data-element_type=\"widget\" data-e-type=\"widget\" data-widget_type=\"image.default\">\n\t\t\t\t<div class=\"elementor-widget-container\">\n\t\t\t\t\t\t\t\t\t\t\t\t\t\t\t<img loading=\"lazy\" decoding=\"async\" width=\"800\" height=\"534\" src=\"https:\/\/froggyevents.com\/wp-content\/uploads\/2024\/09\/monitores-profesionales-froggy-events-organizacion-de-eventos-1024x683.jpeg\" class=\"attachment-large size-large wp-image-3150\" alt=\"Monitor de Froggy Events con camiseta corporativa supervisando un taller de cocina Mastersushi para empresas\" srcset=\"https:\/\/froggyevents.com\/wp-content\/uploads\/2024\/09\/monitores-profesionales-froggy-events-organizacion-de-eventos-1024x683.jpeg 1024w, https:\/\/froggyevents.com\/wp-content\/uploads\/2024\/09\/monitores-profesionales-froggy-events-organizacion-de-eventos-300x200.jpeg 300w, https:\/\/froggyevents.com\/wp-content\/uploads\/2024\/09\/monitores-profesionales-froggy-events-organizacion-de-eventos-768x512.jpeg 768w, https:\/\/froggyevents.com\/wp-content\/uploads\/2024\/09\/monitores-profesionales-froggy-events-organizacion-de-eventos-1536x1024.jpeg 1536w, https:\/\/froggyevents.com\/wp-content\/uploads\/2024\/09\/monitores-profesionales-froggy-events-organizacion-de-eventos-18x12.jpeg 18w, https:\/\/froggyevents.com\/wp-content\/uploads\/2024\/09\/monitores-profesionales-froggy-events-organizacion-de-eventos.jpeg 1920w\" sizes=\"(max-width: 800px) 100vw, 800px\" \/>\t\t\t\t\t\t\t\t\t\t\t\t\t\t\t<\/div>\n\t\t\t\t<\/div>\n\t\t\t\t\t<\/div>\n\t\t\t\t<\/div>\n\t\t<div class=\"elementor-element elementor-element-0e838bc e-flex e-con-boxed e-con e-parent\" data-id=\"0e838bc\" data-element_type=\"container\" data-e-type=\"container\">\n\t\t\t\t\t<div class=\"e-con-inner\">\n\t\t\t\t<div class=\"elementor-element elementor-element-feb05f9 elementor-widget elementor-widget-text-editor\" data-id=\"feb05f9\" data-element_type=\"widget\" data-e-type=\"widget\" data-widget_type=\"text-editor.default\">\n\t\t\t\t<div class=\"elementor-widget-container\">\n\t\t\t\t\t\t\t\t\t<p>Now that you know us a little better, <b>if you're looking for the perfect team building event for your team, you can count on us to turn your next experience into a complete success.<\/b> Don\u2019t hesitate to get in touch, we\u2019re here to listen to your ideas, design custom proposals, and make your company shine.<\/p>\t\t\t\t\t\t\t\t<\/div>\n\t\t\t\t<\/div>\n\t\t\t\t<div class=\"elementor-element elementor-element-edd8155 elementor-widget-divider--view-line elementor-widget elementor-widget-divider\" data-id=\"edd8155\" data-element_type=\"widget\" data-e-type=\"widget\" data-widget_type=\"divider.default\">\n\t\t\t\t<div class=\"elementor-widget-container\">\n\t\t\t\t\t\t\t<div class=\"elementor-divider\">\n\t\t\t<span class=\"elementor-divider-separator\">\n\t\t\t\t\t\t<\/span>\n\t\t<\/div>\n\t\t\t\t\t\t<\/div>\n\t\t\t\t<\/div>\n\t\t\t\t\t<\/div>\n\t\t\t\t<\/div>\n\t\t<div class=\"elementor-element elementor-element-5007887b e-flex e-con-boxed e-con e-parent\" data-id=\"5007887b\" data-element_type=\"container\" data-e-type=\"container\" data-settings=\"{&quot;background_background&quot;:&quot;classic&quot;}\">\n\t\t\t\t\t<div class=\"e-con-inner\">\n\t\t\t\t<div class=\"elementor-element elementor-element-73f582e2 elementor-widget elementor-widget-spacer\" data-id=\"73f582e2\" data-element_type=\"widget\" data-e-type=\"widget\" data-widget_type=\"spacer.default\">\n\t\t\t\t<div class=\"elementor-widget-container\">\n\t\t\t\t\t\t\t<div class=\"elementor-spacer\">\n\t\t\t<div class=\"elementor-spacer-inner\"><\/div>\n\t\t<\/div>\n\t\t\t\t\t\t<\/div>\n\t\t\t\t<\/div>\n\t\t\t\t<div class=\"elementor-element elementor-element-6a47601f elementor-widget elementor-widget-heading\" data-id=\"6a47601f\" data-element_type=\"widget\" data-e-type=\"widget\" data-widget_type=\"heading.default\">\n\t\t\t\t<div class=\"elementor-widget-container\">\n\t\t\t\t\t<h2 class=\"elementor-heading-title elementor-size-default\">We can't wait to meet you and your team!<\/h2>\t\t\t\t<\/div>\n\t\t\t\t<\/div>\n\t\t\t\t<div class=\"elementor-element elementor-element-7fe0981c elementor-widget elementor-widget-spacer\" data-id=\"7fe0981c\" data-element_type=\"widget\" data-e-type=\"widget\" data-widget_type=\"spacer.default\">\n\t\t\t\t<div class=\"elementor-widget-container\">\n\t\t\t\t\t\t\t<div class=\"elementor-spacer\">\n\t\t\t<div class=\"elementor-spacer-inner\"><\/div>\n\t\t<\/div>\n\t\t\t\t\t\t<\/div>\n\t\t\t\t<\/div>\n\t\t\t\t<div class=\"elementor-element elementor-element-2006afe5 elementor-align-center elementor-widget elementor-widget-button\" data-id=\"2006afe5\" data-element_type=\"widget\" data-e-type=\"widget\" data-widget_type=\"button.default\">\n\t\t\t\t<div class=\"elementor-widget-container\">\n\t\t\t\t\t\t\t\t\t<div class=\"elementor-button-wrapper\">\n\t\t\t\t\t<a class=\"elementor-button elementor-button-link elementor-size-sm\" href=\"https:\/\/froggyevents.com\/en\/contactanos\/\">\n\t\t\t\t\t\t<span class=\"elementor-button-content-wrapper\">\n\t\t\t\t\t\t\t\t\t<span class=\"elementor-button-text\">LEARN MORE<\/span>\n\t\t\t\t\t<\/span>\n\t\t\t\t\t<\/a>\n\t\t\t\t<\/div>\n\t\t\t\t\t\t\t\t<\/div>\n\t\t\t\t<\/div>\n\t\t\t\t\t<\/div>\n\t\t\t\t<\/div>\n\t\t\t\t<\/div>","protected":false},"excerpt":{"rendered":"<p>Quien est\u00e1 detr\u00e1s de la empresa de eventos de Team Building mejor valorada Somos Laura y Adri\u00e1n, los fundadores de esta emocionante aventura En Froggy Events somos especialistas en team building y en la organizaci\u00f3n de eventos corporativos dise\u00f1ados para fortalecer los lazos entre los miembros de un equipo. Nuestros fundadores, Laura y Adri\u00e1n, lanzaron [&hellip;]<\/p>\n","protected":false},"author":1,"featured_media":0,"parent":0,"menu_order":0,"comment_status":"closed","ping_status":"closed","template":"elementor_header_footer","meta":{"_acf_changed":false,"footnotes":""},"class_list":["post-2","page","type-page","status-publish","hentry"],"acf":[],"_links":{"self":[{"href":"https:\/\/froggyevents.com\/en\/wp-json\/wp\/v2\/pages\/2","targetHints":{"allow":["GET"]}}],"collection":[{"href":"https:\/\/froggyevents.com\/en\/wp-json\/wp\/v2\/pages"}],"about":[{"href":"https:\/\/froggyevents.com\/en\/wp-json\/wp\/v2\/types\/page"}],"author":[{"embeddable":true,"href":"https:\/\/froggyevents.com\/en\/wp-json\/wp\/v2\/users\/1"}],"replies":[{"embeddable":true,"href":"https:\/\/froggyevents.com\/en\/wp-json\/wp\/v2\/comments?post=2"}],"version-history":[{"count":34,"href":"https:\/\/froggyevents.com\/en\/wp-json\/wp\/v2\/pages\/2\/revisions"}],"predecessor-version":[{"id":3792,"href":"https:\/\/froggyevents.com\/en\/wp-json\/wp\/v2\/pages\/2\/revisions\/3792"}],"wp:attachment":[{"href":"https:\/\/froggyevents.com\/en\/wp-json\/wp\/v2\/media?parent=2"}],"curies":[{"name":"wp","href":"https:\/\/api.w.org\/{rel}","templated":true}]}}